{"id":139,"date":"2017-02-01T22:20:49","date_gmt":"2017-02-01T22:20:49","guid":{"rendered":"http:\/\/multi.madabaplains.org\/hisban\/?page_id=139"},"modified":"2021-12-29T22:32:59","modified_gmt":"2021-12-29T22:32:59","slug":"139-2","status":"publish","type":"page","link":"https:\/\/madabaplains.org\/hisban\/field-school\/139-2\/","title":{"rendered":"Courses"},"content":{"rendered":"<h1>Courses<\/h1>\n<h4 class=\"text-center\"><span class=\"brown\">ANDREWS UNIVERSITY\u00a0JORDAN FIELD SCHOOL\u00a0COURSES*<\/span><\/h4>\n<p style=\"text-align: center;\"><em>Optional cultural preservation opportunity in Petra with Sela.\u00a0 <\/em><\/p>\n<table>\n<tbody>\n<tr>\n<td style=\"width: 20px;\">BHSC378-40<\/td>\n<td style=\"width: 50px;\">Study Tour (Behavioral Science)<\/td>\n<td style=\"width: 1px;\">0<\/td>\n<td style=\"width: 20px;\">\u00d8. LaBianca<\/td>\n<td style=\"width: 10px;\"><img loading=\"lazy\" decoding=\"async\" class=\"alignnone wp-image-46 size-thumbnail\" src=\"https:\/\/multi.madabaplains.org\/hisban\/wp-content\/uploads\/sites\/2\/2017\/02\/Labianca-150x150.jpg\" alt=\"\" width=\"150\" height=\"150\" srcset=\"https:\/\/madabaplains.org\/hisban\/wp-content\/uploads\/sites\/2\/2017\/02\/Labianca-150x150.jpg 150w, https:\/\/madabaplains.org\/hisban\/wp-content\/uploads\/sites\/2\/2017\/02\/Labianca-100x100.jpg 100w\" sizes=\"auto, (max-width: 150px) 100vw, 150px\" \/><\/td>\n<\/tr>\n<tr>\n<td>ANTH455-040<\/td>\n<td>Ethnography<\/td>\n<td style=\"width: 5px;\">3<\/td>\n<td>\u00d8. LaBianca<\/td>\n<td><img loading=\"lazy\" decoding=\"async\" class=\"alignnone wp-image-46 size-thumbnail\" src=\"https:\/\/multi.madabaplains.org\/hisban\/wp-content\/uploads\/sites\/2\/2017\/02\/Labianca-150x150.jpg\" alt=\"\" width=\"150\" height=\"150\" srcset=\"https:\/\/madabaplains.org\/hisban\/wp-content\/uploads\/sites\/2\/2017\/02\/Labianca-150x150.jpg 150w, https:\/\/madabaplains.org\/hisban\/wp-content\/uploads\/sites\/2\/2017\/02\/Labianca-100x100.jpg 100w\" sizes=\"auto, (max-width: 150px) 100vw, 150px\" \/><\/td>\n<\/tr>\n<tr>\n<td>ANTH478-040<\/td>\n<td>Archaeological and Ethnographical Perspectives<\/td>\n<td style=\"width: 5px;\">3<\/td>\n<td>\u00d8. LaBianca<\/td>\n<td><img loading=\"lazy\" decoding=\"async\" class=\"alignnone wp-image-46 size-thumbnail\" src=\"https:\/\/multi.madabaplains.org\/hisban\/wp-content\/uploads\/sites\/2\/2017\/02\/Labianca-150x150.jpg\" alt=\"\" width=\"150\" height=\"150\" srcset=\"https:\/\/madabaplains.org\/hisban\/wp-content\/uploads\/sites\/2\/2017\/02\/Labianca-150x150.jpg 150w, https:\/\/madabaplains.org\/hisban\/wp-content\/uploads\/sites\/2\/2017\/02\/Labianca-100x100.jpg 100w\" sizes=\"auto, (max-width: 150px) 100vw, 150px\" \/><\/td>\n<\/tr>\n<tr>\n<td>ANTH496-040<\/td>\n<td>Supervised Fieldwork<\/td>\n<td style=\"width: 5px;\">3<\/td>\n<td>R. Bates<\/td>\n<td><img loading=\"lazy\" decoding=\"async\" class=\"alignnone wp-image-34 size-thumbnail\" src=\"https:\/\/multi.madabaplains.org\/hisban\/wp-content\/uploads\/sites\/2\/2017\/02\/Bob-head-shot1-150x150.jpg\" alt=\"\" width=\"150\" height=\"150\" srcset=\"https:\/\/madabaplains.org\/hisban\/wp-content\/uploads\/sites\/2\/2017\/02\/Bob-head-shot1-150x150.jpg 150w, https:\/\/madabaplains.org\/hisban\/wp-content\/uploads\/sites\/2\/2017\/02\/Bob-head-shot1-100x100.jpg 100w\" sizes=\"auto, (max-width: 150px) 100vw, 150px\" \/><\/td>\n<\/tr>\n<tr>\n<td>ARCH585-040<\/td>\n<td>Topics: Architecture &amp; Culture of Jordan<\/td>\n<td>3<\/td>\n<td>R. Root<\/td>\n<td><img loading=\"lazy\" decoding=\"async\" class=\"alignnone size-thumbnail wp-image-1417\" src=\"https:\/\/multi.madabaplains.org\/hisban\/wp-content\/uploads\/sites\/2\/2019\/08\/Rhonda_Root_2-150x150.jpg\" alt=\"\" width=\"150\" height=\"150\" \/><\/td>\n<\/tr>\n<tr>\n<td>ARCH585-040<\/td>\n<td>Topics: BIM\/Photogrammetry for Archaeological\/Architectural Reconstruction<\/td>\n<td>3<\/td>\n<td>A. Solis<\/td>\n<td><img loading=\"lazy\" decoding=\"async\" class=\"alignnone size-full wp-image-1416\" src=\"https:\/\/multi.madabaplains.org\/hisban\/wp-content\/uploads\/sites\/2\/2019\/08\/Ariel-Solis-20131010_4194_cm.jpg\" alt=\"\" width=\"124\" height=\"124\" \/><\/td>\n<\/tr>\n<tr>\n<td>GEOG460<\/td>\n<td>Topics &#8211; Historical Geography of the Holy Land<\/td>\n<td>3<\/td>\n<td>J. Hudon<\/td>\n<td><img loading=\"lazy\" decoding=\"async\" class=\"alignnone size-thumbnail wp-image-43\" src=\"https:\/\/multi.madabaplains.org\/hisban\/wp-content\/uploads\/sites\/2\/2017\/02\/Jeff-H-1a-150x150.jpg\" alt=\"\" width=\"150\" height=\"150\" srcset=\"https:\/\/madabaplains.org\/hisban\/wp-content\/uploads\/sites\/2\/2017\/02\/Jeff-H-1a-150x150.jpg 150w, https:\/\/madabaplains.org\/hisban\/wp-content\/uploads\/sites\/2\/2017\/02\/Jeff-H-1a-100x100.jpg 100w\" sizes=\"auto, (max-width: 150px) 100vw, 150px\" \/><\/td>\n<\/tr>\n<tr>\n<td>HIST117-040<\/td>\n<td>Civilizations and Ideas I<\/td>\n<td>3<\/td>\n<td>J. Hudon<\/td>\n<td><img loading=\"lazy\" decoding=\"async\" class=\"alignnone size-thumbnail wp-image-43\" src=\"https:\/\/multi.madabaplains.org\/hisban\/wp-content\/uploads\/sites\/2\/2017\/02\/Jeff-H-1a-150x150.jpg\" alt=\"\" width=\"150\" height=\"150\" srcset=\"https:\/\/madabaplains.org\/hisban\/wp-content\/uploads\/sites\/2\/2017\/02\/Jeff-H-1a-150x150.jpg 150w, https:\/\/madabaplains.org\/hisban\/wp-content\/uploads\/sites\/2\/2017\/02\/Jeff-H-1a-100x100.jpg 100w\" sizes=\"auto, (max-width: 150px) 100vw, 150px\" \/><\/td>\n<\/tr>\n<tr>\n<td>RELG160-040<\/td>\n<td>Topics:\u00a0Archaeology and Exploration of the Bible Lands<\/td>\n<td>3<\/td>\n<td>J. Hudon<\/td>\n<td><img loading=\"lazy\" decoding=\"async\" class=\"alignnone size-thumbnail wp-image-43\" src=\"https:\/\/multi.madabaplains.org\/hisban\/wp-content\/uploads\/sites\/2\/2017\/02\/Jeff-H-1a-150x150.jpg\" alt=\"\" width=\"150\" height=\"150\" srcset=\"https:\/\/madabaplains.org\/hisban\/wp-content\/uploads\/sites\/2\/2017\/02\/Jeff-H-1a-150x150.jpg 150w, https:\/\/madabaplains.org\/hisban\/wp-content\/uploads\/sites\/2\/2017\/02\/Jeff-H-1a-100x100.jpg 100w\" sizes=\"auto, (max-width: 150px) 100vw, 150px\" \/><\/td>\n<\/tr>\n<\/tbody>\n<\/table>\n<p><span class=\"brown\" style=\"color: #000000;\">*Pending student enrollment. Other courses may also be arranged with permission of tour organizers and student advisor.\u00a0<\/span><\/p>\n<p><span class=\"brown\" style=\"color: #000000;\"><strong>Research Opportunity for Undergraduates<\/strong>: One of the major objectives of the Jordan Field School is to provide opportunities for undergraduate and graduate students to get hands-on experience doing supervised field research in anthropology and archaeology. This seasons excavations at the site will focus on four areas: the Islamic village on its western slope; in and around the northeast tower of the citadel; the massive Iron Age reservoir (perhaps one of \u201cthe pools of Heshbon\u201d) and restoration of the foundations and mosaics in one of the Byzantine churches. As in previous seaons, our park improvement team will refresh in-situ archaeological exhibits; signage, interpretive paths and platforms, and the park landscape. A team of architects will carry out precedence studies and on-site investigations as a means to creating our 3-D moving impage animation of the unfolding history of Hisban. This team will be supported by a documentary film team whose task will be to produce several short films that will become part of the narration for the 3-D animation. <\/span><\/p>\n<p><span class=\"brown\" style=\"color: #000000;\"><strong>Costs<\/strong>: Register and pay for six credits at standard Andrews rates plus a fee of $1500. This covers international travel to Jordan and all in-Jordan lodging, food, weekend excursions and instruction.<\/span><\/p>\n<p><strong>Optional Petra Extension<\/strong>. Cultural Heritage preservation opportunities at the World Heritage Site of Petra with Sela for Vocational Training and Protection of Cultural Heritage (<a href=\"https:\/\/selajo.org\">https:\/\/selajo.org<\/a>). Dates are TBD. For more information contact <a href=\"mailto:info@selajo.org\">info@selajo.org<\/a>.<\/p>\n<p><strong>For more information<\/strong> about the Jordan Field School contact or email one of our faculty at the following email addresses: <a href=\"mailto:jordanfieldschool@andrews.edu\">jordanfieldschool@andrews.edu<\/a>; <a href=\"mailto:labianca@andrews.edu\">labianca@andrews.edu<\/a>; <a href=\"mailto:hudon@andrews.edu\">hudon@andrews.edu<\/a>; <a href=\"mailto:rroot@andrews.edu\">rroot@andrews.edu<\/a>; <a href=\"mailto:hornmuseum@andrews.edu\">hornmuseum@andrews.edu<\/a>.<\/p>\n<hr \/>\n<h2>Deadlines for Andrews Package Plan Students<\/h2>\n<div class=\"row\">\n<div class=\"col-sm-3 col-md-2\"><strong>Friday, January 21<\/strong><\/div>\n<div class=\"col-sm-9 col-md-10\">Weekly JFS tour meetings begin for all committed tour participants. Venues and times to be arranged according to teams\/courses.<\/div>\n<\/div>\n<div class=\"row\">\n<div class=\"col-sm-3 col-md-2\"><strong>Friday, February 18<\/strong><\/div>\n<div class=\"col-sm-9 col-md-10\">Security Form due with picture and copy of passport.<\/div>\n<\/div>\n<div class=\"row\">\n<div class=\"col-sm-3 col-md-2\"><strong>Friday, March 18<\/strong><\/div>\n<div class=\"col-sm-8 col-md-10\">All remaining on-line application forms and course registration completed.<\/div>\n<\/div>\n<div class=\"row\">\n<div class=\"col-sm-3 col-md-2\"><strong>Friday, March 25<\/strong><\/div>\n<div class=\"col-sm-8 col-md-10\">Financial clearance form completed and $250 security deposit paid to allow booking of international travel<\/div>\n<\/div>\n<div class=\"row\">\n<div class=\"col-sm-3 col-md-2\"><strong>Friday, April 29<\/strong><\/div>\n<div class=\"col-sm-8 col-md-10\">Last JFS tour meeting for Spring Semester<\/div>\n<\/div>\n<div class=\"row\">\n<div class=\"col-sm-3 col-md-2\"><strong>Friday, June 10<\/strong><\/div>\n<div class=\"col-sm-8 col-md-10\">Andrews Team departs for Jordan<\/div>\n<\/div>\n<div class=\"row\">\n<div class=\"col-sm-3 col-md-2\"><strong>Monday, July 11<\/strong><\/div>\n<div class=\"col-sm-8 col-md-10\">Andrews Team returns to the\u00a0USA, except for those extending their stay<\/div>\n<\/div>\n<hr \/>\n<h2>Deadlines for Non-Andrews Package Plan Students and Volunteers<\/h2>\n<p><em>$250 Must accompany completed application packet (refundable until April 5; no refund after that date)<\/em><\/p>\n<div class=\"row\">\n<div class=\"col-sm-3 col-md-2\"><strong>Wednesday, April 6<\/strong><\/div>\n<div class=\"col-sm-8 col-md-10\">$750 Or remaining balance ($2250) payable April 12<\/div>\n<\/div>\n<div class=\"row\">\n<div class=\"col-sm-3 col-md-2\"><strong>Friday, May 6<\/strong><\/div>\n<div class=\"col-sm-8 col-md-10\">$750 Or remaining balance ($1500) payable May 10<\/div>\n<\/div>\n<div class=\"row\">\n<div class=\"col-sm-3 col-md-2\"><strong>Friday, May 13<\/strong><\/div>\n<div class=\"col-sm-8 col-md-10\">$750 Payable on or before May 23 or on arrival in Jordan<\/div>\n<\/div>\n<p><strong>$2500 Total participation fee<\/strong><\/p>\n","protected":false},"excerpt":{"rendered":"<p>Courses ANDREWS UNIVERSITY\u00a0JORDAN FIELD SCHOOL\u00a0COURSES* Optional cultural preservation opportunity in Petra with Sela.\u00a0 BHSC378-40 Study Tour (Behavioral Science) 0 \u00d8. LaBianca ANTH455-040 Ethnography 3 \u00d8. LaBianca ANTH478-040 Archaeological and Ethnographical Perspectives 3 \u00d8. LaBianca ANTH496-040 Supervised Fieldwork 3 R. Bates ARCH585-040 Topics: Architecture &amp; Culture of Jordan 3 R. Root ARCH585-040 Topics: BIM\/Photogrammetry for Archaeological\/Architectural [&hellip;]<\/p>\n","protected":false},"author":2,"featured_media":0,"parent":118,"menu_order":0,"comment_status":"closed","ping_status":"closed","template":"","meta":{"footnotes":""},"class_list":["post-139","page","type-page","status-publish","hentry"],"_links":{"self":[{"href":"https:\/\/madabaplains.org\/hisban\/wp-json\/wp\/v2\/pages\/139","targetHints":{"allow":["GET"]}}],"collection":[{"href":"https:\/\/madabaplains.org\/hisban\/wp-json\/wp\/v2\/pages"}],"about":[{"href":"https:\/\/madabaplains.org\/hisban\/wp-json\/wp\/v2\/types\/page"}],"author":[{"embeddable":true,"href":"https:\/\/madabaplains.org\/hisban\/wp-json\/wp\/v2\/users\/2"}],"replies":[{"embeddable":true,"href":"https:\/\/madabaplains.org\/hisban\/wp-json\/wp\/v2\/comments?post=139"}],"version-history":[{"count":38,"href":"https:\/\/madabaplains.org\/hisban\/wp-json\/wp\/v2\/pages\/139\/revisions"}],"predecessor-version":[{"id":2132,"href":"https:\/\/madabaplains.org\/hisban\/wp-json\/wp\/v2\/pages\/139\/revisions\/2132"}],"up":[{"embeddable":true,"href":"https:\/\/madabaplains.org\/hisban\/wp-json\/wp\/v2\/pages\/118"}],"wp:attachment":[{"href":"https:\/\/madabaplains.org\/hisban\/wp-json\/wp\/v2\/media?parent=139"}],"curies":[{"name":"wp","href":"https:\/\/api.w.org\/{rel}","templated":true}]}}